{"id":489,"date":"2019-01-24T15:55:54","date_gmt":"2019-01-24T15:55:54","guid":{"rendered":"http:\/\/autofreiberlin.de\/?page_id=489"},"modified":"2019-04-21T13:03:38","modified_gmt":"2019-04-21T13:03:38","slug":"appell","status":"publish","type":"page","link":"https:\/\/autofreiberlin.de\/?page_id=489","title":{"rendered":"Appell"},"content":{"rendered":"\t\t<div data-elementor-type=\"wp-post\" data-elementor-id=\"489\" class=\"elementor elementor-489\">\n\t\t\t\t\t\t<section class=\"has_eae_slider elementor-section elementor-top-section elementor-element elementor-element-8d9b996 elementor-section-boxed elementor-section-height-default elementor-section-height-default\" data-eae-slider=\"70235\" data-id=\"8d9b996\" data-element_type=\"section\" data-e-type=\"section\">\n\t\t\t\t\t\t<div class=\"elementor-container elementor-column-gap-default\">\n\t\t\t\t\t<div class=\"has_eae_slider elementor-column elementor-col-100 elementor-top-column elementor-element elementor-element-9962a1e\" data-eae-slider=\"77215\" data-id=\"9962a1e\" data-element_type=\"column\" data-e-type=\"column\">\n\t\t\t<div class=\"elementor-widget-wrap elementor-element-populated\">\n\t\t\t\t\t\t<div class=\"elementor-element elementor-element-bd2193f elementor-widget elementor-widget-heading\" data-id=\"bd2193f\" data-element_type=\"widget\" data-e-type=\"widget\" data-widget_type=\"heading.default\">\n\t\t\t\t<div class=\"elementor-widget-container\">\n\t\t\t\t\t<p class=\"elementor-heading-title elementor-size-default\">#autofreiberlin<\/p>\t\t\t\t<\/div>\n\t\t\t\t<\/div>\n\t\t\t\t<div class=\"elementor-element elementor-element-a387f16 elementor-widget elementor-widget-heading\" data-id=\"a387f16\" data-element_type=\"widget\" data-e-type=\"widget\" data-widget_type=\"heading.default\">\n\t\t\t\t<div class=\"elementor-widget-container\">\n\t\t\t\t\t<h2 class=\"elementor-heading-title elementor-size-default\">Appell und Aktion<\/h2>\t\t\t\t<\/div>\n\t\t\t\t<\/div>\n\t\t\t\t<div class=\"elementor-element elementor-element-e5f5b2e elementor-widget-divider--view-line elementor-widget elementor-widget-divider\" data-id=\"e5f5b2e\" data-element_type=\"widget\" data-e-type=\"widget\" data-widget_type=\"divider.default\">\n\t\t\t\t<div class=\"elementor-widget-container\">\n\t\t\t\t\t\t\t<div class=\"elementor-divider\">\n\t\t\t<span class=\"elementor-divider-separator\">\n\t\t\t\t\t\t<\/span>\n\t\t<\/div>\n\t\t\t\t\t\t<\/div>\n\t\t\t\t<\/div>\n\t\t\t\t\t<\/div>\n\t\t<\/div>\n\t\t\t\t\t<\/div>\n\t\t<\/section>\n\t\t\t\t<section class=\"has_eae_slider elementor-section elementor-top-section elementor-element elementor-element-05687fc elementor-section-boxed elementor-section-height-default elementor-section-height-default\" data-eae-slider=\"45889\" data-id=\"05687fc\" data-element_type=\"section\" data-e-type=\"section\" data-settings=\"{&quot;shape_divider_bottom&quot;:&quot;arrow&quot;}\">\n\t\t\t\t\t<div class=\"elementor-shape elementor-shape-bottom\" aria-hidden=\"true\" data-negative=\"false\">\n\t\t\t<svg xmlns=\"http:\/\/www.w3.org\/2000\/svg\" viewBox=\"0 0 700 10\" preserveAspectRatio=\"none\">\n\t<path class=\"elementor-shape-fill\" d=\"M350,10L340,0h20L350,10z\"\/>\n<\/svg>\t\t<\/div>\n\t\t\t\t\t<div class=\"elementor-container elementor-column-gap-default\">\n\t\t\t\t\t<div class=\"has_eae_slider elementor-column elementor-col-100 elementor-top-column elementor-element elementor-element-d8b77db\" data-eae-slider=\"7689\" data-id=\"d8b77db\" data-element_type=\"column\" data-e-type=\"column\">\n\t\t\t<div class=\"elementor-widget-wrap elementor-element-populated\">\n\t\t\t\t\t\t<section class=\"has_eae_slider elementor-section elementor-inner-section elementor-element elementor-element-8b6ae4e elementor-section-boxed elementor-section-height-default elementor-section-height-default\" data-eae-slider=\"59912\" data-id=\"8b6ae4e\" data-element_type=\"section\" data-e-type=\"section\">\n\t\t\t\t\t\t<div class=\"elementor-container elementor-column-gap-default\">\n\t\t\t\t\t<div class=\"has_eae_slider elementor-column elementor-col-100 elementor-inner-column elementor-element elementor-element-c947e23\" data-eae-slider=\"59293\" data-id=\"c947e23\" data-element_type=\"column\" data-e-type=\"column\">\n\t\t\t<div class=\"elementor-widget-wrap elementor-element-populated\">\n\t\t\t\t\t\t<div class=\"elementor-element elementor-element-29d1e3a elementor-widget elementor-widget-image\" data-id=\"29d1e3a\" data-element_type=\"widget\" data-e-type=\"widget\" data-widget_type=\"image.default\">\n\t\t\t\t<div class=\"elementor-widget-container\">\n\t\t\t\t\t\t\t\t\t\t\t\t\t\t\t<img decoding=\"async\" width=\"340\" height=\"142\" src=\"http:\/\/autofreiberlin.de\/wp-content\/uploads\/2019\/01\/Unbenannt-3-1.jpg\" class=\"attachment-large size-large wp-image-498\" alt=\"\" srcset=\"http:\/\/autofreiberlin.de\/wp-content\/uploads\/2019\/01\/Unbenannt-3-1.jpg 340w, http:\/\/autofreiberlin.de\/wp-content\/uploads\/2019\/01\/Unbenannt-3-1-300x125.jpg 300w\" sizes=\"(max-width: 340px) 100vw, 340px\" \/>\t\t\t\t\t\t\t\t\t\t\t\t\t\t\t<\/div>\n\t\t\t\t<\/div>\n\t\t\t\t<div class=\"elementor-element elementor-element-b070982 elementor-widget elementor-widget-text-editor\" data-id=\"b070982\" data-element_type=\"widget\" data-e-type=\"widget\" data-widget_type=\"text-editor.default\">\n\t\t\t\t<div class=\"elementor-widget-container\">\n\t\t\t\t\t\t\t\t\t<h3><strong>Global denken, lokal handeln: Die Zeit dr\u00e4ngt!<\/strong><\/h3><div data-block=\"true\" data-editor=\"ebdsu\" data-offset-key=\"4ed22-0-0\" style=\"caret-color: #000000; color: #000000; font-family: inherit;\"><span>Das Automobil ist das ineffektivste urbane Fortbewegungsmittel und bekommt dennoch den meisten Raum und die meisten Vorrechte in unserer Stadt. Obwohl in Berlin weniger als 30 Prozent der Wege mit dem Auto zur\u00fcckgelegt werden und weniger als die H\u00e4lfte der Haushalte \u00fcberhaupt \u00fcber ein Auto verf\u00fcgen, haben wir uns an giftige Luft, L\u00e4rm, Fl\u00e4chenfra\u00df sowie Gefahr f\u00fcr Leib und Leben gew\u00f6hnt, ganz so, als sei das eine Selbstverst\u00e4ndlichkeit. Doch die fetten Autojahre sind vorbei. Immer mehr Menschen in Berlin wollen nicht l\u00e4nger hinnehmen, dass die Grenzwerte f\u00fcr Stickoxide und Feinstaub in der gesamten Innenstadt regelm\u00e4\u00dfig \u00fcberschritten werden, dass wir nachts vom Verkehrsl\u00e4rm geplagt werden, dass jedes Jahr zig Berliner*innen durch den Autoverkehr verletzt und get\u00f6tet werden und dass zentrale Fl\u00e4chen der Stadt nicht f\u00fcr Wohnungsbau oder Gr\u00fcnfl\u00e4chen genutzt werden k\u00f6nnen, weil sie stattdessen als Rollfl\u00e4chen f\u00fcr ein Verkehrsmittel des letzten Jahrhunderts dienen. 58 Prozent der Verkehrsfl\u00e4chen in der Hauptstadt sind f\u00fcr Autos reserviert, davon 19 Prozent f\u00fcr parkende Fahrzeuge. Dabei legen die Berliner*innen nur 28 Prozent ihrer Wege mit dem Auto zur\u00fcck.<\/span><br \/><div data-offset-key=\"4ed22-0-0\" style=\"position: relative; white-space: pre-wrap; direction: ltr; font-family: inherit;\"><span data-offset-key=\"4ed22-0-0\" style=\"font-family: inherit;\">\u00a0<\/span><\/div><\/div><div data-block=\"true\" data-editor=\"ebdsu\" data-offset-key=\"amu0v-0-0\" style=\"caret-color: #000000; color: #000000; font-family: inherit; font-style: normal; font-variant-caps: normal; font-weight: normal; letter-spacing: normal; orphans: auto; text-align: start; text-indent: 0px; text-transform: none; white-space: normal; widows: auto; word-spacing: 0px; -webkit-text-size-adjust: auto; -webkit-text-stroke-width: 0px; text-decoration: none;\"><\/div><p><b>Berlin hinkt hinterher<\/b><\/p><p><span>In immer mehr europ\u00e4ischen Metropolen wie Paris, Br\u00fcssel, Madrid, Kopenhagen oder Oslo werden tempor\u00e4re autofreie Zonen eingerichtet und die urbanen Mobilit\u00e4tstr\u00e4ger des 21. Jahrhunderts \u2013 das Fahrrad und der \u00f6ffentliche Nahverkehr \u2013 massiv gef\u00f6rdert, w\u00e4hrend es bei uns drei Jahre dauert, einen simplen Zebrastreifen einzurichten. Dabei gibt es l\u00e4ngst tragf\u00e4hige Konzepte f\u00fcr autofreie Kieze, die auch den Bed\u00fcrfnissen des Gewerbe- und Versorgungsverkehrs entsprechen und das Relikt des 20. Jahrhunderts, ein eigenes Auto in einer Gro\u00dfstadt zu besitzen, ad absurdum f\u00fchren. Es geht uns nicht darum, Autofahrer*innen zu verteufeln, es war die Politik der autogerechten Stadt, die seit den 1950er Jahren einseitig auf das unvern\u00fcnftigste st\u00e4dtische Verkehrsmittel gesetzt hat und viele Menschen angesichts fehlender Alternativen dazu gezwungen hat, sich ins Auto zu setzen. Wir sind aber der Meinung, dass f\u00fcr den Klima- und Kulturwandel weg vom privaten motorisierten Individualverkehr viel mehr als bisher unternommen werden muss. Gemeinsam aufatmen, gemeinsam Stadt neu verteilen.<\/span><\/p><p><span>Diese Initiative fordert die sofortige Verkehrswende in Berlin und anderswo. In Zeiten, in denen es immer mehr Menschen von jung bis alt bewu\u00dft wird, dass die Erde auf eine umweltpolitische Katastrophe hinsteuert, k\u00f6nnen wir vor unserer eigenen Haust\u00fcr anfangen, ein klimapolitisches Zeichen zur setzen. <\/span><br \/><span>Global denken, lokal handeln. Die Zeit dr\u00e4ngt!<\/span><br \/><a class=\"_58cn\" href=\"https:\/\/www.facebook.com\/hashtag\/verkehrswendesofort?source=feed_text&amp;epa=HASHTAG&amp;__xts__%5B0%5D=68.ARDWA3NTtAZG18jxIEkglaGY42GmfmRl47YtscWnEKxwNVcaB-VNoKjupMr_g07Mi1z8D0OXvr6PDHlIfiwaPfMXksJkzW4eHgX5kphylBy87icl2RvSXmbMmK1pyUC-4Uo5eFf0uTQhtANpQDq04r5jx-J7lSX6qKukFiix9i2cY2qfIJPyXQ4OxWzZhTj-8FudILMtpBC1M6nVuu6h1pOS2Cl1KnQ2JnHgZRzlua0rgzIiLZX1QmAKWC8ghzt9tjGnZHvzysTez5eTHGEcNuSbmXLKnwSJ6v3MznWknfCwtQ0RFPGyvX9d73HcsQ3IfQ5c_A&amp;__tn__=%2ANK-R\" data-ft=\"{&quot;type&quot;:104,&quot;tn&quot;:&quot;*N&quot;}\"><span class=\"_5afx\"><span aria-label=\"Hashtag\" class=\"_58cl _5afz\">#<\/span><span class=\"_58cm\">verkehrswendesofort<\/span><\/span><\/a><span> <\/span><a class=\"_58cn\" href=\"https:\/\/www.facebook.com\/hashtag\/autofreiberlin?source=feed_text&amp;epa=HASHTAG&amp;__xts__%5B0%5D=68.ARDWA3NTtAZG18jxIEkglaGY42GmfmRl47YtscWnEKxwNVcaB-VNoKjupMr_g07Mi1z8D0OXvr6PDHlIfiwaPfMXksJkzW4eHgX5kphylBy87icl2RvSXmbMmK1pyUC-4Uo5eFf0uTQhtANpQDq04r5jx-J7lSX6qKukFiix9i2cY2qfIJPyXQ4OxWzZhTj-8FudILMtpBC1M6nVuu6h1pOS2Cl1KnQ2JnHgZRzlua0rgzIiLZX1QmAKWC8ghzt9tjGnZHvzysTez5eTHGEcNuSbmXLKnwSJ6v3MznWknfCwtQ0RFPGyvX9d73HcsQ3IfQ5c_A&amp;__tn__=%2ANK-R\" data-ft=\"{&quot;type&quot;:104,&quot;tn&quot;:&quot;*N&quot;}\"><span class=\"_5afx\"><span aria-label=\"Hashtag\" class=\"_58cl _5afz\">#<\/span><span class=\"_58cm\">autofreiberlin<\/span><\/span><\/a><\/p>\t\t\t\t\t\t\t\t<\/div>\n\t\t\t\t<\/div>\n\t\t\t\t\t<\/div>\n\t\t<\/div>\n\t\t\t\t\t<\/div>\n\t\t<\/section>\n\t\t\t\t\t<\/div>\n\t\t<\/div>\n\t\t\t\t\t<\/div>\n\t\t<\/section>\n\t\t\t\t<\/div>\n\t\t","protected":false},"excerpt":{"rendered":"<p>#autofreiberlin Appell und Aktion Global denken, lokal handeln: Die Zeit dr\u00e4ngt! Das Automobil ist das ineffektivste urbane Fortbewegungsmittel und bekommt dennoch den meisten Raum und die meisten Vorrechte in unserer Stadt. Obwohl in Berlin weniger als 30 Prozent der Wege mit dem Auto zur\u00fcckgelegt werden und weniger als die H\u00e4lfte [&hellip;]<\/p>\n","protected":false},"author":1,"featured_media":0,"parent":0,"menu_order":0,"comment_status":"closed","ping_status":"closed","template":"page-templates\/template-pagebuilder-full-width.php","meta":{"footnotes":""},"class_list":["post-489","page","type-page","status-publish","hentry"],"_links":{"self":[{"href":"https:\/\/autofreiberlin.de\/index.php?rest_route=\/wp\/v2\/pages\/489","targetHints":{"allow":["GET"]}}],"collection":[{"href":"https:\/\/autofreiberlin.de\/index.php?rest_route=\/wp\/v2\/pages"}],"about":[{"href":"https:\/\/autofreiberlin.de\/index.php?rest_route=\/wp\/v2\/types\/page"}],"author":[{"embeddable":true,"href":"https:\/\/autofreiberlin.de\/index.php?rest_route=\/wp\/v2\/users\/1"}],"replies":[{"embeddable":true,"href":"https:\/\/autofreiberlin.de\/index.php?rest_route=%2Fwp%2Fv2%2Fcomments&post=489"}],"version-history":[{"count":13,"href":"https:\/\/autofreiberlin.de\/index.php?rest_route=\/wp\/v2\/pages\/489\/revisions"}],"predecessor-version":[{"id":547,"href":"https:\/\/autofreiberlin.de\/index.php?rest_route=\/wp\/v2\/pages\/489\/revisions\/547"}],"wp:attachment":[{"href":"https:\/\/autofreiberlin.de\/index.php?rest_route=%2Fwp%2Fv2%2Fmedia&parent=489"}],"curies":[{"name":"wp","href":"https:\/\/api.w.org\/{rel}","templated":true}]}}